{"id":991486,"date":"2025-06-03T12:12:35","date_gmt":"2025-06-03T09:12:35","guid":{"rendered":"https:\/\/jamilatrend.com\/?post_type=product&#038;p=991486"},"modified":"2025-11-24T17:16:15","modified_gmt":"2025-11-24T14:16:15","slug":"24007","status":"publish","type":"product","link":"https:\/\/jamilatrend.com\/en\/product\/24007\/","title":{"rendered":"24007"},"content":{"rendered":"<div class=\"vgblk-rw-wrapper limit-wrapper\"><strong>Decolletage<\/strong>: YES<\/p>\n<p><strong>Collar Type:<\/strong>: STRAPLESS<\/p>\n<p><strong>Fabric:<\/strong> SEQUINS<\/p>\n<p><strong>Arm Type:<\/strong> ARMLESS<\/p>\n<p><strong>Breast Pad<\/strong>: YES<\/p>\n<p><strong>Primer<\/strong>: YES<\/p>\n<p><strong>Product Size:<\/strong> FULL SIZE<\/p>\n<p><strong>Size worn by the model:<\/strong> 38<\/div>\n<p><!-- .vgblk-rw-wrapper --><\/p>","protected":false},"excerpt":{"rendered":"<p>Dekolte: EVET Yaka Tipi:: STRAPLEZ Kuma\u015f: PAYET Kol Tipi: KOLSUZ G\u00f6\u011f\u00fcs Pedi: VAR Astar: VAR \u00dcr\u00fcn\u00fcn Boyu: TAM BOY Modelin Giydi\u011fi Beden: 38<\/p>","protected":false},"featured_media":993104,"template":"","meta":[],"product_brand":[],"product_cat":[216,208,325,214,207],"product_tag":[],"class_list":{"0":"post-991486","1":"product","2":"type-product","3":"status-publish","4":"has-post-thumbnail","6":"product_cat-nisan-abiyeleri","7":"product_cat-online-ozel-koleksiyon","8":"product_cat-sunnet-abiyeleri","9":"product_cat-uzun-abiyeler","10":"product_cat-yeni-sezon-koleksiyonu","12":"first","13":"instock","14":"shipping-taxable","15":"purchasable","16":"product-type-variable"},"_links":{"self":[{"href":"https:\/\/jamilatrend.com\/en\/wp-json\/wp\/v2\/product\/991486","targetHints":{"allow":["GET"]}}],"collection":[{"href":"https:\/\/jamilatrend.com\/en\/wp-json\/wp\/v2\/product"}],"about":[{"href":"https:\/\/jamilatrend.com\/en\/wp-json\/wp\/v2\/types\/product"}],"wp:featuredmedia":[{"embeddable":true,"href":"https:\/\/jamilatrend.com\/en\/wp-json\/wp\/v2\/media\/993104"}],"wp:attachment":[{"href":"https:\/\/jamilatrend.com\/en\/wp-json\/wp\/v2\/media?parent=991486"}],"wp:term":[{"taxonomy":"product_brand","embeddable":true,"href":"https:\/\/jamilatrend.com\/en\/wp-json\/wp\/v2\/product_brand?post=991486"},{"taxonomy":"product_cat","embeddable":true,"href":"https:\/\/jamilatrend.com\/en\/wp-json\/wp\/v2\/product_cat?post=991486"},{"taxonomy":"product_tag","embeddable":true,"href":"https:\/\/jamilatrend.com\/en\/wp-json\/wp\/v2\/product_tag?post=991486"}],"curies":[{"name":"wp","href":"https:\/\/api.w.org\/{rel}","templated":true}]}}