{"id":991884,"date":"2025-06-03T12:14:08","date_gmt":"2025-06-03T09:14:08","guid":{"rendered":"https:\/\/jamilatrend.com\/?post_type=product&#038;p=991884"},"modified":"2025-11-24T16:48:43","modified_gmt":"2025-11-24T13:48:43","slug":"24111","status":"publish","type":"product","link":"https:\/\/jamilatrend.com\/en\/product\/24111\/","title":{"rendered":"24111"},"content":{"rendered":"<div class=\"vgblk-rw-wrapper limit-wrapper\"><strong>Decolletage<\/strong>: YES<\/p>\n<p><strong>Collar Type:<\/strong>: HEART COLLAR<\/p>\n<p><strong>Fabric:<\/strong> SEQUINS<\/p>\n<p><strong>Arm Type:<\/strong> LOW ARM<\/p>\n<p><strong>Breast Pad<\/strong>: YES<\/p>\n<p><strong>Primer<\/strong>: YES<\/p>\n<p><strong>Product Size:<\/strong> LONG STATURE<\/p>\n<p><strong>Size worn by the model:<\/strong> 38<\/div>\n<p><!-- .vgblk-rw-wrapper --><\/p>","protected":false},"excerpt":{"rendered":"<p>Dekolte: EVET Yaka Tipi:: KALP YAKA Kuma\u015f: PAYET Kol Tipi: D\u00dc\u015e\u00dcK KOL G\u00f6\u011f\u00fcs Pedi: VAR Astar: EVET \u00dcr\u00fcn\u00fcn Boyu: UZUN BOY Modelin Giydi\u011fi Beden: 38<\/p>","protected":false},"featured_media":992633,"template":"","meta":[],"product_brand":[],"product_cat":[211,216,208,325,214,207],"product_tag":[],"class_list":{"0":"post-991884","1":"product","2":"type-product","3":"status-publish","4":"has-post-thumbnail","6":"product_cat-nedime-abiyeleri","7":"product_cat-nisan-abiyeleri","8":"product_cat-online-ozel-koleksiyon","9":"product_cat-sunnet-abiyeleri","10":"product_cat-uzun-abiyeler","11":"product_cat-yeni-sezon-koleksiyonu","13":"first","14":"instock","15":"shipping-taxable","16":"purchasable","17":"product-type-variable"},"_links":{"self":[{"href":"https:\/\/jamilatrend.com\/en\/wp-json\/wp\/v2\/product\/991884","targetHints":{"allow":["GET"]}}],"collection":[{"href":"https:\/\/jamilatrend.com\/en\/wp-json\/wp\/v2\/product"}],"about":[{"href":"https:\/\/jamilatrend.com\/en\/wp-json\/wp\/v2\/types\/product"}],"wp:featuredmedia":[{"embeddable":true,"href":"https:\/\/jamilatrend.com\/en\/wp-json\/wp\/v2\/media\/992633"}],"wp:attachment":[{"href":"https:\/\/jamilatrend.com\/en\/wp-json\/wp\/v2\/media?parent=991884"}],"wp:term":[{"taxonomy":"product_brand","embeddable":true,"href":"https:\/\/jamilatrend.com\/en\/wp-json\/wp\/v2\/product_brand?post=991884"},{"taxonomy":"product_cat","embeddable":true,"href":"https:\/\/jamilatrend.com\/en\/wp-json\/wp\/v2\/product_cat?post=991884"},{"taxonomy":"product_tag","embeddable":true,"href":"https:\/\/jamilatrend.com\/en\/wp-json\/wp\/v2\/product_tag?post=991884"}],"curies":[{"name":"wp","href":"https:\/\/api.w.org\/{rel}","templated":true}]}}