{"id":994078,"date":"2025-07-23T14:33:00","date_gmt":"2025-07-23T11:33:00","guid":{"rendered":"https:\/\/jamilatrend.com\/?post_type=product&#038;p=994078"},"modified":"2025-11-24T15:53:05","modified_gmt":"2025-11-24T12:53:05","slug":"2537","status":"publish","type":"product","link":"https:\/\/jamilatrend.com\/en\/product\/2537\/","title":{"rendered":"2537"},"content":{"rendered":"<div class=\"vgblk-rw-wrapper limit-wrapper\"><strong>Decolletage<\/strong>: YES<\/p>\n<p><strong>Collar Type:<\/strong>: SIFIR<\/p>\n<p><strong>Fabric:<\/strong> TA\u015e BASKI<\/p>\n<p><strong>Arm Type:<\/strong> LONG ARM<\/p>\n<p><strong>Breast Pad<\/strong>: YES<\/p>\n<p><strong>Primer<\/strong>: YES<\/p>\n<p><strong>Product Size:<\/strong> LONG STATURE<\/p>\n<p><strong>Size worn by the model:<\/strong> 38<\/div>\n<p><!-- .vgblk-rw-wrapper --><\/p>","protected":false},"excerpt":{"rendered":"<p>Dekolte: EVET Yaka Tipi:: SIFIR Kuma\u015f: TA\u015e BASKI Kol Tipi: UZUN KOL G\u00f6\u011f\u00fcs Pedi: VAR Astar: EVET \u00dcr\u00fcn\u00fcn Boyu: UZUN BOY Modelin Giydi\u011fi Beden: 38<\/p>","protected":false},"featured_media":994083,"template":"","meta":[],"product_brand":[],"product_cat":[216,208,325,291,214,207],"product_tag":[],"class_list":{"0":"post-994078","1":"product","2":"type-product","3":"status-publish","4":"has-post-thumbnail","6":"product_cat-nisan-abiyeleri","7":"product_cat-online-ozel-koleksiyon","8":"product_cat-sunnet-abiyeleri","9":"product_cat-tesettur-abiyeler","10":"product_cat-uzun-abiyeler","11":"product_cat-yeni-sezon-koleksiyonu","13":"first","14":"instock","15":"featured","16":"shipping-taxable","17":"product-type-variable"},"_links":{"self":[{"href":"https:\/\/jamilatrend.com\/en\/wp-json\/wp\/v2\/product\/994078","targetHints":{"allow":["GET"]}}],"collection":[{"href":"https:\/\/jamilatrend.com\/en\/wp-json\/wp\/v2\/product"}],"about":[{"href":"https:\/\/jamilatrend.com\/en\/wp-json\/wp\/v2\/types\/product"}],"wp:featuredmedia":[{"embeddable":true,"href":"https:\/\/jamilatrend.com\/en\/wp-json\/wp\/v2\/media\/994083"}],"wp:attachment":[{"href":"https:\/\/jamilatrend.com\/en\/wp-json\/wp\/v2\/media?parent=994078"}],"wp:term":[{"taxonomy":"product_brand","embeddable":true,"href":"https:\/\/jamilatrend.com\/en\/wp-json\/wp\/v2\/product_brand?post=994078"},{"taxonomy":"product_cat","embeddable":true,"href":"https:\/\/jamilatrend.com\/en\/wp-json\/wp\/v2\/product_cat?post=994078"},{"taxonomy":"product_tag","embeddable":true,"href":"https:\/\/jamilatrend.com\/en\/wp-json\/wp\/v2\/product_tag?post=994078"}],"curies":[{"name":"wp","href":"https:\/\/api.w.org\/{rel}","templated":true}]}}