{"id":994517,"date":"2025-12-23T16:50:42","date_gmt":"2025-12-23T13:50:42","guid":{"rendered":"https:\/\/jamilatrend.com\/?post_type=product&#038;p=994517"},"modified":"2025-12-26T16:53:29","modified_gmt":"2025-12-26T13:53:29","slug":"2648","status":"publish","type":"product","link":"https:\/\/jamilatrend.com\/en\/product\/2648\/","title":{"rendered":"2648"},"content":{"rendered":"<div class=\"vgblk-rw-wrapper limit-wrapper\"><strong>Decolletage<\/strong>: YES<\/p>\n<p><strong>Collar Type:<\/strong>: STRAPLESS<\/p>\n<p><strong>Fabric:<\/strong> SEQUINS<\/p>\n<p><strong>Arm Type:<\/strong> ARMLESS<\/p>\n<p><strong>Breast Pad<\/strong>: YES<\/p>\n<p><strong>Primer<\/strong>: YES<\/p>\n<p><strong>Product Size:<\/strong> LONG STATURE<\/p>\n<p><strong>Size worn by the model:<\/strong> 38<\/div>\n<p><!-- .vgblk-rw-wrapper --><\/p>","protected":false},"excerpt":{"rendered":"<p>Dekolte: EVET Yaka Tipi:: STRAPLEZ Kuma\u015f: PAYET Kol Tipi: KOLSUZ G\u00f6\u011f\u00fcs Pedi: VAR Astar: EVET \u00dcr\u00fcn\u00fcn Boyu: UZUN BOY Modelin Giydi\u011fi Beden: 38<\/p>","protected":false},"featured_media":994549,"template":"","meta":[],"product_brand":[],"product_cat":[284,217,211,216,208,325,214,207],"product_tag":[],"class_list":{"0":"post-994517","1":"product","2":"type-product","3":"status-publish","4":"has-post-thumbnail","6":"product_cat-balik-abiyeler","7":"product_cat-mezuniyet-abiyeleri","8":"product_cat-nedime-abiyeleri","9":"product_cat-nisan-abiyeleri","10":"product_cat-online-ozel-koleksiyon","11":"product_cat-sunnet-abiyeleri","12":"product_cat-uzun-abiyeler","13":"product_cat-yeni-sezon-koleksiyonu","15":"first","16":"instock","17":"featured","18":"shipping-taxable","19":"purchasable","20":"product-type-variable"},"_links":{"self":[{"href":"https:\/\/jamilatrend.com\/en\/wp-json\/wp\/v2\/product\/994517","targetHints":{"allow":["GET"]}}],"collection":[{"href":"https:\/\/jamilatrend.com\/en\/wp-json\/wp\/v2\/product"}],"about":[{"href":"https:\/\/jamilatrend.com\/en\/wp-json\/wp\/v2\/types\/product"}],"wp:featuredmedia":[{"embeddable":true,"href":"https:\/\/jamilatrend.com\/en\/wp-json\/wp\/v2\/media\/994549"}],"wp:attachment":[{"href":"https:\/\/jamilatrend.com\/en\/wp-json\/wp\/v2\/media?parent=994517"}],"wp:term":[{"taxonomy":"product_brand","embeddable":true,"href":"https:\/\/jamilatrend.com\/en\/wp-json\/wp\/v2\/product_brand?post=994517"},{"taxonomy":"product_cat","embeddable":true,"href":"https:\/\/jamilatrend.com\/en\/wp-json\/wp\/v2\/product_cat?post=994517"},{"taxonomy":"product_tag","embeddable":true,"href":"https:\/\/jamilatrend.com\/en\/wp-json\/wp\/v2\/product_tag?post=994517"}],"curies":[{"name":"wp","href":"https:\/\/api.w.org\/{rel}","templated":true}]}}